{"id":3826,"date":"2023-12-01T14:07:22","date_gmt":"2023-12-01T11:07:22","guid":{"rendered":"https:\/\/blackboxsecurity.org\/?page_id=3826"},"modified":"2023-12-04T11:34:12","modified_gmt":"2023-12-04T08:34:12","slug":"news-from-us","status":"publish","type":"page","link":"https:\/\/blackboxsecurity.org\/tr\/news-from-us\/","title":{"rendered":"Bizden Haberler"},"content":{"rendered":"<div data-elementor-type=\"wp-page\" data-elementor-id=\"3826\" class=\"elementor elementor-3826\">\n\t\t\t\t\t\t<div class=\"elementor-section elementor-top-section elementor-element elementor-element-692b7b44 elementor-section-full_width elementor-section-height-default elementor-section-height-default\" data-id=\"692b7b44\" data-element_type=\"section\" data-e-type=\"section\">\n\t\t\t\t\t\t<div class=\"elementor-container elementor-column-gap-no\">\n\t\t\t\t\t<div class=\"elementor-column elementor-col-100 elementor-top-column elementor-element elementor-element-e6f17de\" data-id=\"e6f17de\" data-element_type=\"column\" data-e-type=\"column\">\n\t\t\t<div class=\"elementor-widget-wrap elementor-element-populated\">\n\t\t\t\t\t\t<div class=\"elementor-element elementor-element-4b40d9d elementor-widget elementor-widget-CaseArea\" data-id=\"4b40d9d\" data-element_type=\"widget\" data-e-type=\"widget\" data-widget_type=\"CaseArea.default\">\n\t\t\t\t<div class=\"elementor-widget-container\">\n\t\t\t\t\t                    <div class=\"resources-area ptb-100\">\r\n                <div class=\"container\">\r\n                                        <div class=\"row\">\r\n                                                    <div class=\"col-lg-6 col-md-6\">\r\n                                <div class=\"single-resources-box\">\r\n                                    <div class=\"image\">\r\n                                        <a href=\"https:\/\/blackboxsecurity.org\/tr\/news\/hacker-camp-2023\/\" class=\"d-block\">\r\n                                            <img decoding=\"async\" src=\"https:\/\/blackboxsecurity.org\/wp-content\/uploads\/2023\/11\/DSC04972-860x574.jpg\" alt=\"case-image\">\r\n                                        <\/a>\r\n                                    <\/div>\r\n                                    <div class=\"content\">\r\n                                                                                            <div class=\"category\">\r\n                                                        <a href=\"https:\/\/blackboxsecurity.org\/tr\/case-tag\/blackbox-security\/\" rel=\"tag\">Blackbox Security<\/a>                                                    <\/div>\r\n                                                                                            <h3><a href=\"https:\/\/blackboxsecurity.org\/tr\/news\/hacker-camp-2023\/\">Hacker Camp 2023<\/a><\/h3>\r\n                                        <p>Cumhuriyetimizin 100. y\u0131l\u0131nda 100 \u00f6\u011frencimize siber g\u00fcvenlik e\u011fitimi vererek geleceklerini in\u015fa etmelerine yard\u0131mc\u0131 olmaya \u00e7al\u0131\u015ft\u0131k.<\/p>\n                                        <a href=\"https:\/\/blackboxsecurity.org\/tr\/news\/hacker-camp-2023\/\" class=\"link-btn\">Daha fazla... <i class=\"lni lni-chevron-right\"><\/i><\/a>\r\n                                    <\/div>\r\n                                <\/div>\r\n                            <\/div>\r\n                                                    <div class=\"col-lg-6 col-md-6\">\r\n                                <div class=\"single-resources-box\">\r\n                                    <div class=\"image\">\r\n                                        <a href=\"https:\/\/blackboxsecurity.org\/tr\/news\/critical-infrastructure-defense-challange\/\" class=\"d-block\">\r\n                                            <img decoding=\"async\" src=\"https:\/\/blackboxsecurity.org\/wp-content\/uploads\/2023\/11\/cidc-new.jpg\" alt=\"case-image\">\r\n                                        <\/a>\r\n                                    <\/div>\r\n                                    <div class=\"content\">\r\n                                                                                            <div class=\"category\">\r\n                                                        <a href=\"https:\/\/blackboxsecurity.org\/tr\/case-tag\/blackbox-security\/\" rel=\"tag\">Blackbox Security<\/a>                                                    <\/div>\r\n                                                                                            <h3><a href=\"https:\/\/blackboxsecurity.org\/tr\/news\/critical-infrastructure-defense-challange\/\">Cr\u0131t\u0131cal Infrastructure Defense Challange 2023<\/a><\/h3>\r\n                                        <p>Ekibimiz, 26-27 Ekim 2023 tarihlerinde Azerbaycan'da Bak\u00fc Kongre Merkezi'nde ger\u00e7ekle\u015fen  'Critical Infrastructure Defense Challenge' konferans\u0131nda teknik destek sa\u011flad\u0131!<\/p>\n                                        <a href=\"https:\/\/blackboxsecurity.org\/tr\/news\/critical-infrastructure-defense-challange\/\" class=\"link-btn\">Daha fazla... <i class=\"lni lni-chevron-right\"><\/i><\/a>\r\n                                    <\/div>\r\n                                <\/div>\r\n                            <\/div>\r\n                                                    <div class=\"col-lg-6 col-md-6\">\r\n                                <div class=\"single-resources-box\">\r\n                                    <div class=\"image\">\r\n                                        <a href=\"https:\/\/blackboxsecurity.org\/tr\/news\/horasis-global-meeting-2023\/\" class=\"d-block\">\r\n                                            <img decoding=\"async\" src=\"https:\/\/blackboxsecurity.org\/wp-content\/uploads\/2023\/11\/photo_5999189291349163732_y-860x574.jpg\" alt=\"case-image\">\r\n                                        <\/a>\r\n                                    <\/div>\r\n                                    <div class=\"content\">\r\n                                                                                            <div class=\"category\">\r\n                                                        <a href=\"https:\/\/blackboxsecurity.org\/tr\/case-tag\/blackbox-security\/\" rel=\"tag\">Blackbox Security<\/a>                                                    <\/div>\r\n                                                                                            <h3><a href=\"https:\/\/blackboxsecurity.org\/tr\/news\/horasis-global-meeting-2023\/\">Horasis Global Meeting 2023<\/a><\/h3>\r\n                                        <p>Horasis Global Toplant\u0131s\u0131na Blackbox Siber G\u00fcvenlik Genel Sekreteri Bilal Cihat \u00d6zt\u00fcrk ve genel m\u00fcd\u00fcr K\u00fcr\u015fat O\u011fuzhan Ak\u0131nc\u0131 kat\u0131ld\u0131. Bilal Cihat \u00d6zt\u00fcrk, t\u00fcketicilerde dijital g\u00fcvenin olu\u015fturulmas\u0131 konusunda g\u00f6r\u00fc\u015flerini payla\u015ft\u0131.<\/p>\n                                        <a href=\"https:\/\/blackboxsecurity.org\/tr\/news\/horasis-global-meeting-2023\/\" class=\"link-btn\">Daha fazla... <i class=\"lni lni-chevron-right\"><\/i><\/a>\r\n                                    <\/div>\r\n                                <\/div>\r\n                            <\/div>\r\n                                                    <div class=\"col-lg-6 col-md-6\">\r\n                                <div class=\"single-resources-box\">\r\n                                    <div class=\"image\">\r\n                                        <a href=\"https:\/\/blackboxsecurity.org\/tr\/news\/hacktrick-2022\/\" class=\"d-block\">\r\n                                            <img decoding=\"async\" src=\"https:\/\/blackboxsecurity.org\/wp-content\/uploads\/2023\/11\/hacktrick-2022.jpg\" alt=\"case-image\">\r\n                                        <\/a>\r\n                                    <\/div>\r\n                                    <div class=\"content\">\r\n                                                                                            <div class=\"category\">\r\n                                                        <a href=\"https:\/\/blackboxsecurity.org\/tr\/case-tag\/blackbox-security\/\" rel=\"tag\">Blackbox Security<\/a>                                                    <\/div>\r\n                                                                                            <h3><a href=\"https:\/\/blackboxsecurity.org\/tr\/news\/hacktrick-2022\/\">Hacktrick 2022<\/a><\/h3>\r\n                                        <p>Bilgi Teknolojileri ve \u0130leti\u015fim Kurumu (BTK) ve BTK Akademi ev sahipli\u011finde Blackbox Security taraf\u0131ndan d\u00fczenlenen Hacktrick 2022, bu y\u0131l \u00f6\u011frencileri bir araya getirerek e\u011fitimlerini ba\u015far\u0131yla tamamlad\u0131.<\/p>\n                                        <a href=\"https:\/\/blackboxsecurity.org\/tr\/news\/hacktrick-2022\/\" class=\"link-btn\">Daha fazla... <i class=\"lni lni-chevron-right\"><\/i><\/a>\r\n                                    <\/div>\r\n                                <\/div>\r\n                            <\/div>\r\n                                                    <div class=\"col-lg-6 col-md-6\">\r\n                                <div class=\"single-resources-box\">\r\n                                    <div class=\"image\">\r\n                                        <a href=\"https:\/\/blackboxsecurity.org\/tr\/news\/career-in-cyber-security-speech-at-abha-international-turkish-school\/\" class=\"d-block\">\r\n                                            <img decoding=\"async\" src=\"https:\/\/blackboxsecurity.org\/wp-content\/uploads\/2024\/01\/abha-860x574.jpg\" alt=\"case-image\">\r\n                                        <\/a>\r\n                                    <\/div>\r\n                                    <div class=\"content\">\r\n                                                                                            <div class=\"category\">\r\n                                                        <a href=\"https:\/\/blackboxsecurity.org\/tr\/case-tag\/blackbox-security\/\" rel=\"tag\">Blackbox Security<\/a>                                                    <\/div>\r\n                                                                                            <h3><a href=\"https:\/\/blackboxsecurity.org\/tr\/news\/career-in-cyber-security-speech-at-abha-international-turkish-school\/\">ABHA Uluslararas\u0131 T\u00fcrk Okulu'nda \u201cSiber G\u00fcvenlikte Kariyer\u201d Konu\u015fmas\u0131<\/a><\/h3>\r\n                                        <p>Blackbox Security Y\u00f6netim Kurulu Ba\u015fkan\u0131 K\u00fcr\u015fat O\u011fuzhan Ak\u0131nc\u0131, Suudi Arabistan'daki Abha Uluslararas\u0131 T\u00fcrk Okulu'nda d\u00fczenlenen etkinlikte \"Siber G\u00fcvenlikte Kariyer\" konulu bir konu\u015fma yapt\u0131. G\u00fcvenlik konusundaki uzmanl\u0131\u011f\u0131n\u0131 payla\u015ft\u0131.<\/p>\n                                        <a href=\"https:\/\/blackboxsecurity.org\/tr\/news\/career-in-cyber-security-speech-at-abha-international-turkish-school\/\" class=\"link-btn\">Daha fazla... <i class=\"lni lni-chevron-right\"><\/i><\/a>\r\n                                    <\/div>\r\n                                <\/div>\r\n                            <\/div>\r\n                                                    <div class=\"col-lg-6 col-md-6\">\r\n                                <div class=\"single-resources-box\">\r\n                                    <div class=\"image\">\r\n                                        <a href=\"https:\/\/blackboxsecurity.org\/tr\/news\/soc24\/\" class=\"d-block\">\r\n                                            <img decoding=\"async\" src=\"https:\/\/blackboxsecurity.org\/wp-content\/uploads\/2024\/02\/ATO_4418-1.jpg\" alt=\"case-image\">\r\n                                        <\/a>\r\n                                    <\/div>\r\n                                    <div class=\"content\">\r\n                                                                                            <div class=\"category\">\r\n                                                        <a href=\"https:\/\/blackboxsecurity.org\/tr\/case-tag\/blackbox-security\/\" rel=\"tag\">Blackbox Security<\/a>                                                    <\/div>\r\n                                                                                            <h3><a href=\"https:\/\/blackboxsecurity.org\/tr\/news\/soc24\/\">SOC'24 E\u011fitim ve CTF Yar\u0131\u015fmas\u0131n\u0131 tamamlad\u0131k!<\/a><\/h3>\r\n                                        <p>SOC\u201924'te E\u011fitim ve CTF Yar\u0131\u015fmas\u0131'n\u0131 tamamlad\u0131k! Sertifikal\u0131 Siber G\u00fcvenlik Operasyon Merkezi Analisti E\u011fitimi i\u00e7in d\u00fczenlenen sertifika t\u00f6reni ve konferans, Savunma Sanayii Ba\u015fkanl\u0131\u011f\u0131 ve Dijital D\u00f6n\u00fc\u015f\u00fcm Ba\u015fkanl\u0131\u011f\u0131'n\u0131n destekleriyle ger\u00e7ekle\u015ftirildi.<\/p>\n                                        <a href=\"https:\/\/blackboxsecurity.org\/tr\/news\/soc24\/\" class=\"link-btn\">Daha fazla... <i class=\"lni lni-chevron-right\"><\/i><\/a>\r\n                                    <\/div>\r\n                                <\/div>\r\n                            <\/div>\r\n                                                    <div class=\"col-lg-6 col-md-6\">\r\n                                <div class=\"single-resources-box\">\r\n                                    <div class=\"image\">\r\n                                        <a href=\"https:\/\/blackboxsecurity.org\/tr\/news\/kursat-oguzhan-akinci-chairman-of-blackbox-security-gave-training-at-teknopark-istanbul-vocational-and-technical-anatolian-high-school\/\" class=\"d-block\">\r\n                                            <img decoding=\"async\" src=\"https:\/\/blackboxsecurity.org\/wp-content\/uploads\/2024\/03\/GIY25gvXwAES2YG-860x574.jpeg\" alt=\"case-image\">\r\n                                        <\/a>\r\n                                    <\/div>\r\n                                    <div class=\"content\">\r\n                                                                                            <div class=\"category\">\r\n                                                        <a href=\"https:\/\/blackboxsecurity.org\/tr\/case-tag\/blackbox-security\/\" rel=\"tag\">Blackbox Security<\/a>                                                    <\/div>\r\n                                                                                            <h3><a href=\"https:\/\/blackboxsecurity.org\/tr\/news\/kursat-oguzhan-akinci-chairman-of-blackbox-security-gave-training-at-teknopark-istanbul-vocational-and-technical-anatolian-high-school\/\">T\u00fcrkiye'nin ilk siber g\u00fcvenlik lisesinde e\u011fitim projesine ba\u015flad\u0131k<\/a><\/h3>\r\n                                        <p>Blackbox Siber G\u00fcvenlik D\u00fc\u015f\u00fcnce Kurulu\u015fu Ba\u015fkan\u0131 K\u00fcr\u015fat O\u011fuzhan Ak\u0131nc\u0131, T\u00fcrkiye Siber G\u00fcvenlik K\u00fcmelenmesi'nin destekledi\u011fi Siber G\u00fcvenlikte Dikey Uzmanla\u015fma Program\u0131 kapsam\u0131nda TeknoPark Mesleki ve Teknik Anadolu Lisesi'ne davet edildi<\/p>\n                                        <a href=\"https:\/\/blackboxsecurity.org\/tr\/news\/kursat-oguzhan-akinci-chairman-of-blackbox-security-gave-training-at-teknopark-istanbul-vocational-and-technical-anatolian-high-school\/\" class=\"link-btn\">Daha fazla... <i class=\"lni lni-chevron-right\"><\/i><\/a>\r\n                                    <\/div>\r\n                                <\/div>\r\n                            <\/div>\r\n                                                    <div class=\"col-lg-6 col-md-6\">\r\n                                <div class=\"single-resources-box\">\r\n                                    <div class=\"image\">\r\n                                        <a href=\"https:\/\/blackboxsecurity.org\/tr\/news\/women-in-cybersecurity-event-sponsored-by-blackbox-security-technology-cybersecurity-think-tank\/\" class=\"d-block\">\r\n                                            <img decoding=\"async\" src=\"https:\/\/blackboxsecurity.org\/wp-content\/uploads\/2024\/05\/tedu.blackbox-860x574.jpeg\" alt=\"case-image\">\r\n                                        <\/a>\r\n                                    <\/div>\r\n                                    <div class=\"content\">\r\n                                                                                            <div class=\"category\">\r\n                                                        <a href=\"https:\/\/blackboxsecurity.org\/tr\/case-tag\/blackbox-security\/\" rel=\"tag\">Blackbox Security<\/a>                                                    <\/div>\r\n                                                                                            <h3><a href=\"https:\/\/blackboxsecurity.org\/tr\/news\/women-in-cybersecurity-event-sponsored-by-blackbox-security-technology-cybersecurity-think-tank\/\">Blackbox Security  - Teknoloji &amp; Siber G\u00fcvenlik D\u00fc\u015f\u00fcnce Kurulu\u015fu Sponsorlu\u011funda Women in Cybersecurity Etkinli\u011fi D\u00fczenlendi<\/a><\/h3>\r\n                                        <p>Siber g\u00fcvenlik toplulu\u011fu CYBER TEDU taraf\u0131ndan, 8 Mart D\u00fcnya Kad\u0131nlar G\u00fcn\u00fc'nde Ted \u00dcniversitesi'nde d\u00fczenlenen Women in Cybersecurity etkinli\u011fi b\u00fcy\u00fck ilgi g\u00f6rd\u00fc.<\/p>\n                                        <a href=\"https:\/\/blackboxsecurity.org\/tr\/news\/women-in-cybersecurity-event-sponsored-by-blackbox-security-technology-cybersecurity-think-tank\/\" class=\"link-btn\">Daha fazla... <i class=\"lni lni-chevron-right\"><\/i><\/a>\r\n                                    <\/div>\r\n                                <\/div>\r\n                            <\/div>\r\n                                                    <div class=\"col-lg-6 col-md-6\">\r\n                                <div class=\"single-resources-box\">\r\n                                    <div class=\"image\">\r\n                                        <a href=\"https:\/\/blackboxsecurity.org\/tr\/news\/raconf24-cybersecurity-conference-took-place\/\" class=\"d-block\">\r\n                                            <img decoding=\"async\" src=\"https:\/\/blackboxsecurity.org\/wp-content\/uploads\/2024\/05\/raconf-860x574.jpeg\" alt=\"case-image\">\r\n                                        <\/a>\r\n                                    <\/div>\r\n                                    <div class=\"content\">\r\n                                                                                            <div class=\"category\">\r\n                                                        <a href=\"https:\/\/blackboxsecurity.org\/tr\/case-tag\/blackbox-security\/\" rel=\"tag\">Blackbox Security<\/a>                                                    <\/div>\r\n                                                                                            <h3><a href=\"https:\/\/blackboxsecurity.org\/tr\/news\/raconf24-cybersecurity-conference-took-place\/\">RaConf&#8217;24 Cybersecurity Conference Took Place<\/a><\/h3>\r\n                                        <p>Siber g\u00fcvenlik alan\u0131nda \u00f6nemli bir etkinlik olan RaConf'24, 18-19-20 Nisan tarihlerinde Blackbox Security  - Teknoloji &amp; Siber G\u00fcvenlik D\u00fc\u015f\u00fcnce Kurulu\u015fu'nun sponsorlu\u011funda d\u00fczenlendi<\/p>\n                                        <a href=\"https:\/\/blackboxsecurity.org\/tr\/news\/raconf24-cybersecurity-conference-took-place\/\" class=\"link-btn\">Daha fazla... <i class=\"lni lni-chevron-right\"><\/i><\/a>\r\n                                    <\/div>\r\n                                <\/div>\r\n                            <\/div>\r\n                                                    <div class=\"col-lg-6 col-md-6\">\r\n                                <div class=\"single-resources-box\">\r\n                                    <div class=\"image\">\r\n                                        <a href=\"https:\/\/blackboxsecurity.org\/tr\/news\/cyber-workshop-day-2-bug-bounty\/\" class=\"d-block\">\r\n                                            <img decoding=\"async\" src=\"https:\/\/blackboxsecurity.org\/wp-content\/uploads\/2024\/05\/black-and-blue-futuristic-860x574.jpg\" alt=\"case-image\">\r\n                                        <\/a>\r\n                                    <\/div>\r\n                                    <div class=\"content\">\r\n                                                                                            <div class=\"category\">\r\n                                                        <a href=\"https:\/\/blackboxsecurity.org\/tr\/case-tag\/blackbox-security\/\" rel=\"tag\">Blackbox Security<\/a>                                                    <\/div>\r\n                                                                                            <h3><a href=\"https:\/\/blackboxsecurity.org\/tr\/news\/cyber-workshop-day-2-bug-bounty\/\">Cyber Workshop 2.G\u00fcn: Bug Bounty<\/a><\/h3>\r\n                                        <p>T\u00fcrkiye'den siber g\u00fcvenlik d\u00fcnyas\u0131n\u0131n \u00f6nc\u00fc isimleri aras\u0131nda yer alan Ozgur Alp ve Can \u0130pek\u00e7i'nin kat\u0131l\u0131m\u0131yla 18 May\u0131sta ger\u00e7ekle\u015fen Cyber Workshop Day #2, b\u00fcy\u00fck bir ilgi ve ba\u015far\u0131yla tamamland\u0131.<\/p>\n                                        <a href=\"https:\/\/blackboxsecurity.org\/tr\/news\/cyber-workshop-day-2-bug-bounty\/\" class=\"link-btn\">Daha fazla... <i class=\"lni lni-chevron-right\"><\/i><\/a>\r\n                                    <\/div>\r\n                                <\/div>\r\n                            <\/div>\r\n                        \r\n                                            <\/div>\r\n                <\/div>\r\n            <\/div>\r\n                \t\t\t\t<\/div>\n\t\t\t\t<\/div>\n\t\t\t\t\t<\/div>\n\t\t<\/div>\n\t\t\t\t\t<\/div>\n\t\t<\/div>\n\t\t\t\t<\/div>","protected":false},"excerpt":{"rendered":"<p>Blackbox Security Hacker Camp 2023 On the 100th anniversary of our Republic, we tried to help 100 students build their future by providing cyber security training. Read More Blackbox Security Cr\u0131t\u0131cal Infrastructure Defense Challange 2023 Our team will provide technical support at the &#8216;Critical Infrastructure Defence Challenge&#8217; conference, which will take place at the Baku<\/p>","protected":false},"author":1,"featured_media":0,"parent":0,"menu_order":0,"comment_status":"closed","ping_status":"closed","template":"","meta":{"footnotes":""},"class_list":["post-3826","page","type-page","status-publish","hentry"],"acf":[],"_links":{"self":[{"href":"https:\/\/blackboxsecurity.org\/tr\/wp-json\/wp\/v2\/pages\/3826","targetHints":{"allow":["GET"]}}],"collection":[{"href":"https:\/\/blackboxsecurity.org\/tr\/wp-json\/wp\/v2\/pages"}],"about":[{"href":"https:\/\/blackboxsecurity.org\/tr\/wp-json\/wp\/v2\/types\/page"}],"author":[{"embeddable":true,"href":"https:\/\/blackboxsecurity.org\/tr\/wp-json\/wp\/v2\/users\/1"}],"replies":[{"embeddable":true,"href":"https:\/\/blackboxsecurity.org\/tr\/wp-json\/wp\/v2\/comments?post=3826"}],"version-history":[{"count":22,"href":"https:\/\/blackboxsecurity.org\/tr\/wp-json\/wp\/v2\/pages\/3826\/revisions"}],"predecessor-version":[{"id":4368,"href":"https:\/\/blackboxsecurity.org\/tr\/wp-json\/wp\/v2\/pages\/3826\/revisions\/4368"}],"wp:attachment":[{"href":"https:\/\/blackboxsecurity.org\/tr\/wp-json\/wp\/v2\/media?parent=3826"}],"curies":[{"name":"wp","href":"https:\/\/api.w.org\/{rel}","templated":true}]}}