{"id":3802,"date":"2023-12-01T11:00:06","date_gmt":"2023-12-01T08:00:06","guid":{"rendered":"https:\/\/blackboxsecurity.org\/?page_id=3802"},"modified":"2024-08-15T12:03:26","modified_gmt":"2024-08-15T09:03:26","slug":"press-releases","status":"publish","type":"page","link":"https:\/\/blackboxsecurity.org\/tr\/press-releases\/","title":{"rendered":"Bas\u0131nda Biz"},"content":{"rendered":"<div data-elementor-type=\"wp-page\" data-elementor-id=\"3802\" class=\"elementor elementor-3802\">\n\t\t\t\t\t\t<div class=\"elementor-section elementor-top-section elementor-element elementor-element-e918056 elementor-section-full_width elementor-section-height-default elementor-section-height-default\" data-id=\"e918056\" data-element_type=\"section\" data-e-type=\"section\">\n\t\t\t\t\t\t<div class=\"elementor-container elementor-column-gap-no\">\n\t\t\t\t\t<div class=\"elementor-column elementor-col-100 elementor-top-column elementor-element elementor-element-e66b077\" data-id=\"e66b077\" data-element_type=\"column\" data-e-type=\"column\">\n\t\t\t<div class=\"elementor-widget-wrap elementor-element-populated\">\n\t\t\t\t\t\t<div class=\"elementor-element elementor-element-aab0282 elementor-widget elementor-widget-Information_Area\" data-id=\"aab0282\" data-element_type=\"widget\" data-e-type=\"widget\" data-widget_type=\"Information_Area.default\">\n\t\t\t\t<div class=\"elementor-widget-container\">\n\t\t\t\t\t        <div class=\"container\">\r\n            <h1 style=\"text-align: center\">Bas\u0131nda Biz<\/h1>        <\/div>\r\n        \t\t\t\t<\/div>\n\t\t\t\t<\/div>\n\t\t\t\t\t<\/div>\n\t\t<\/div>\n\t\t\t\t\t<\/div>\n\t\t<\/div>\n\t\t<div class=\"elementor-element elementor-element-4599347 e-flex e-con-boxed e-con e-parent\" data-id=\"4599347\" data-element_type=\"container\" data-e-type=\"container\">\n\t\t\t\t\t<div class=\"e-con-inner\">\n\t\t\t\t<div class=\"elementor-element elementor-element-bae680f elementor-widget elementor-widget-html\" data-id=\"bae680f\" data-element_type=\"widget\" data-e-type=\"widget\" data-widget_type=\"html.default\">\n\t\t\t\t\t<style>\r\ntable {\r\n  font-family: poppins;\r\n  border-collapse: collapse;\r\n  width: 100%;\r\n align-items: left;\r\n justify-content: left;\r\n}\r\n\r\ntd, th {\r\n  border: 1px solid #dddddd;\r\n  text-align: center;\r\n  padding: 8px;\r\n}\r\n\r\ntr:nth-child(even) {\r\n  background-color: #F5F5F5;\r\n}\r\nth {\r\n    font-size: 20px;\r\n}\r\n<\/style>\r\n<\/head>\r\n<body>\r\n\r\n\r\n<table>\r\n  <tr>\r\n    <th>Tarih<\/th>\r\n    <th>Haberler<\/th>\r\n    <th>Yay\u0131n<\/th>\r\n  <\/tr>\r\n  <tr>\r\n    <td>11.07.2024<\/td>\r\n    <td> <a href=\"https:\/\/www.haber24.com.tr\/amp\/genel\/azerbaycanla-siber-guvenlik-alaninda-isbirligi-gorusmesi-h85465.html\"> SA\u00dc ile Azerbaycanl\u0131 yetkililer aras\u0131nda siberg\u00fcvenlik'te i\u015fbirli\u011fi g\u00f6r\u00fc\u015fmesi ger\u00e7ekle\u015fti <\/a> <\/td>\r\n    <td>Haber24<\/td>\r\n  <\/tr>\r\n  <tr>\r\n    <td>11.07.2024<\/td>\r\n    <td> <a href=\"https:\/\/www.haberturk.com\/sakarya-haberleri\/35119343-sau-ile-azerbaycan-yetkililer-siber-guvenlik-alaninda-isbirligi-gorusmesi-yapti\"> SA\u00dc ile Azerbaycanl\u0131 yetkililer aras\u0131nda siberg\u00fcvenlik'te i\u015fbirli\u011fi g\u00f6r\u00fc\u015fmesi ger\u00e7ekle\u015fti <\/a> <\/td>\r\n    <td>Habert\u00fcrk<\/td>\r\n  <\/tr>\r\n  <tr>\r\n    <td>13.05.2024<\/td>\r\n    <td> <a href=\"https:\/\/www.yenicaggazetesi.com.tr\/baskentte-siber-guvenlik-konusulacak-796825h.htm\"> Ba\u015fkentte siber g\u00fcvenlik konu\u015fulacak <\/a> <\/td>\r\n    <td>Yeni\u00e7a\u011f<\/td>\r\n  <\/tr>\r\n    <tr>\r\n    <td>10.05.2024<\/td>\r\n    <td> <a href=\"https:\/\/www.dha.com.tr\/gundem\/ankarada-siber-guvenlik-zirvesi-hacktrick-2024-2438343\"> Ankara\u2019da siber g\u00fcvenlik zirvesi: Hacktrick 2024 <\/a> <\/td>\r\n    <td>DHA<\/td>\r\n  <\/tr>\r\n  <tr>\r\n    <td>30.10.2023<\/td>\r\n    <td> <a href=\"https:\/\/www.karar.com\/guncel-haberler\/azerbaycanda-ilk-kez-siber-savas-yarismasi-duzenlendi-1801865\"> Azerbaycan'da Siber Sava\u015f Yar\u0131\u015fmas\u0131 D\u00fczenlendi <\/a> <\/td>\r\n    <td>Karar<\/td>\r\n  <\/tr>\r\n  <tr>\r\n    <td>30.10.2023<\/td>\r\n    <td> <a href=\"https:\/\/www.dha.com.tr\/teknoloji\/azerbaycanda-siber-savas-yarismasi-duzenlendi-2336378\"> Azerbaycan'da Siber Sava\u015f Yar\u0131\u015fmas\u0131 D\u00fczenlendi <\/a> <\/td>\r\n    <td>DHA<\/td>\r\n  <\/tr>\r\n  <tr>\r\n    <td>30.10.2023<\/td>\r\n    <td> <a href=\"https:\/\/azertag.az\/xeber\/kiberheller_sergisinde_aparilan_tecrube_mubadilesi_faydali_neticeler_verecek-2803780\"> \r\n\"Siber \u00c7\u00f6z\u00fcmler\" fuar\u0131ndaki deneyim al\u0131\u015fveri\u015fi faydal\u0131 sonu\u00e7lar getirecek <\/a> <\/td>\r\n    <td>Azertac<\/td>\r\n  <\/tr>\r\n  <tr>\r\n    <td>30.10.2023<\/td>\r\n    <td> <a href=\"https:\/\/www.ulusalhaber.com.tr\/azerbaycanda-siber-savas-yarismasi-duzenlendi\/629792\/\"> Azerbaycan'da Siber Sava\u015f Yar\u0131\u015fmas\u0131 D\u00fczenlendi <\/a> <\/td>\r\n    <td>Ulusal Haber<\/td>\r\n  <\/tr>\r\n  <tr>\r\n    <td>30.10.2023<\/td>\r\n    <td> <a href=\"https:\/\/www.sondakika.com\/haber\/haber-azerbaycan-da-siber-savas-yarismasi-duzenlendi-16483764\/#google_vignette\"> Azerbaycan'da Siber Sava\u015f Yar\u0131\u015fmas\u0131 D\u00fczenlendi <\/a> <\/td>\r\n    <td>Son Dakika<\/td>\r\n  <\/tr>\r\n  <tr>\r\n    <td>30.10.2023<\/td>\r\n    <td> <a href=\"https:\/\/www.haberler.com\/teknoloji\/azerbaycan-da-siber-savas-yarismasi-duzenlendi-16483717-haberi\/\"> \r\nAzerbaycan'da Siber Sava\u015f Yar\u0131\u015fmas\u0131 D\u00fczenlendi<\/a> <\/td>\r\n    <td>Haberler<\/td>\r\n  <\/tr>\r\n   <tr>\r\n    <td>25.11.2023<\/td>\r\n    <td> <a href=\"https:\/\/www.dha.com.tr\/yerel-haberler\/ankara\/kutuphanelerde-bilgi-teknolojileri-egitimleri-b-2349287\"> \r\nK\u00fct\u00fcphanelerde bilgi teknolojileri e\u011fitimi ba\u015fl\u0131yor <\/a> <\/td>\r\n    <td>DHA<\/td>\r\n  <\/tr>\r\n   <tr>\r\n    <td>08.06.2022<\/td>\r\n    <td> <a href=\"https:\/\/www.bthaber.com\/teknoloji-ilerledikce-guvenlik-de-daima-en-yuksek-oncelige-sahip-olacak\/\"> \r\n\r\nG\u00f6khan Evren: Siber g\u00fcvenlik ulusal ve uluslararas\u0131 g\u00fcvenlik stratejilerinde yerini ald\u0131<\/a> <\/td>\r\n    <td>Anadolu Ajans\u0131<\/td>\r\n  <\/tr>\r\n   <tr>\r\n    <td>27.05.2022<\/td>\r\n    <td> <a href=\"https:\/\/www.aa.com.tr\/tr\/ekonomi\/gokhan-evren-siber-guvenlik-ulusal-ve-uluslararasi-guvenlik-stratejilerinde-yerini-aldi\/2599110\"> \r\nTeknoloji ilerledik\u00e7e g\u00fcvenlik her zaman birinci \u00f6ncelik olacak <\/a> <\/td>\r\n    <td>BThaber<\/td>\r\n  <\/tr>\r\n   <tr>\r\n    <td>26.05.2022<\/td>\r\n    <td> <a href=\"https:\/\/www.cioupdate.com.tr\/sektorden-haberler\/69928\/\"> \r\nSiber g\u00fcvenlik sekt\u00f6r\u00fc Hacktrick 2022 Konferans\u0131'nda bulu\u015fuyor\r\n <\/a> <\/td>\r\n    <td>CIO Update<\/td>\r\n  <\/tr>\r\n   <tr>\r\n    <td>12.12.2020<\/td>\r\n    <td> <a href=\"https:\/\/www.savunmatr.com\/malware-ninja-finali-24-aralik-persembe-gunu-duzenlenecek\"> Malware Ninja finali 24 Aral\u0131k Per\u015fembe g\u00fcn\u00fc yap\u0131lacak <\/a> <\/td>\r\n    <td>Savunma Tr<\/td>\r\n  <\/tr>\r\n   <tr>\r\n    <td>05.12.2020<\/td>\r\n    <td> <a href=\"https:\/\/www.haberler.com\/teknoloji\/azerbaycan-da-siber-savas-yarismasi-duzenlendi-16483717-haberi\/\"> \r\n\"\u0130nternetin geli\u015fmesi \u00fclkeler aras\u0131ndaki s\u0131n\u0131rlar\u0131 ortadan kald\u0131r\u0131yor\" <\/a> <\/td>\r\n    <td>Savunma TR<\/td>\r\n  <\/tr>\r\n   <tr>\r\n    <td>05.12.2020<\/td>\r\n    <td> <a href=\"https:\/\/www.savunmatr.com\/hackaydin-ctfte-dereceye-giren-yarismacilar-ar-ge-merkezinde\"> \r\n HackAyd\u0131n CTF'de dereceye giren yar\u0131\u015fmac\u0131lar Ar-Ge merkezindeydi <\/a> <\/td>\r\n    <td>Savunma TR<\/td>\r\n  <\/tr>\r\n <tr>\r\n    <td>05.12.2020<\/td>\r\n    <td> <a href=\"https:\/\/www.savunmatr.com\/turk-siber-guvenlik-uzmanlarinin-def-conda-dikkat-ceken-sunumlari\"> \r\nDEF CON'da T\u00fcrk siber g\u00fcvenlik uzmanlar\u0131ndan dikkat \u00e7eken sunumlar <\/a> <\/td>\r\n    <td>Savunma TR<\/td>\r\n  <\/tr>\r\n  <tr>\r\n    <td>05.12.2020<\/td>\r\n    <td> <a href=\"https:\/\/www.savunmatr.com\/kursat-oguzhan-akincidan-onemli-aciklamalar\">\r\nK\u00fcr\u015fat O\u011fuzhan Ak\u0131nc\u0131'dan \u00f6nemli a\u00e7\u0131klamalar! <\/a> <\/td>\r\n    <td>Savunma TR<\/td>\r\n  <\/tr>\r\n  <tr>\r\n    <td>20.05.2020<\/td>\r\n    <td> <a href=\"https:\/\/www.dengegazetesi.com.tr\/siber-guvenlik-uzmanlarindan-uluslararasi-konferans-142972h.htm\">\r\nS\u0130BER UZMANLARINDAN ULUSLARARASI KONFERANS <\/a> <\/td>\r\n    <td>Denge <\/td>\r\n  <\/tr>\r\n\r\n\r\n<\/table>\r\n\t\t\t\t<\/div>\n\t\t\t\t\t<\/div>\n\t\t\t\t<\/div>\n\t\t\t\t<\/div>","protected":false},"excerpt":{"rendered":"<p>Press releases Date News Name 11.07.2024 SAU and Azerbaijani officials held a meeting to discuss cooperation in the field of cybersecurity Haber24 11.07.2024 SAU and Azerbaijani officials held a meeting to discuss cooperation in the field of cybersecurity Habert\u00fcrk 13.05.2024 Capital Set to Discuss Cybersecurity Yeni\u00e7a\u011f 10.05.2024 Cyber Security Summit in Ankara: Hacktrick 2024 DHA<\/p>","protected":false},"author":1,"featured_media":0,"parent":0,"menu_order":0,"comment_status":"closed","ping_status":"closed","template":"","meta":{"footnotes":""},"class_list":["post-3802","page","type-page","status-publish","hentry"],"acf":[],"_links":{"self":[{"href":"https:\/\/blackboxsecurity.org\/tr\/wp-json\/wp\/v2\/pages\/3802","targetHints":{"allow":["GET"]}}],"collection":[{"href":"https:\/\/blackboxsecurity.org\/tr\/wp-json\/wp\/v2\/pages"}],"about":[{"href":"https:\/\/blackboxsecurity.org\/tr\/wp-json\/wp\/v2\/types\/page"}],"author":[{"embeddable":true,"href":"https:\/\/blackboxsecurity.org\/tr\/wp-json\/wp\/v2\/users\/1"}],"replies":[{"embeddable":true,"href":"https:\/\/blackboxsecurity.org\/tr\/wp-json\/wp\/v2\/comments?post=3802"}],"version-history":[{"count":37,"href":"https:\/\/blackboxsecurity.org\/tr\/wp-json\/wp\/v2\/pages\/3802\/revisions"}],"predecessor-version":[{"id":6961,"href":"https:\/\/blackboxsecurity.org\/tr\/wp-json\/wp\/v2\/pages\/3802\/revisions\/6961"}],"wp:attachment":[{"href":"https:\/\/blackboxsecurity.org\/tr\/wp-json\/wp\/v2\/media?parent=3802"}],"curies":[{"name":"wp","href":"https:\/\/api.w.org\/{rel}","templated":true}]}}