{"id":3350,"date":"2023-11-28T13:07:54","date_gmt":"2023-11-28T10:07:54","guid":{"rendered":"https:\/\/blackboxsecurity.org\/?page_id=3350"},"modified":"2023-12-21T10:55:46","modified_gmt":"2023-12-21T07:55:46","slug":"technology","status":"publish","type":"page","link":"https:\/\/blackboxsecurity.org\/tr\/technology\/","title":{"rendered":"Teknoloji"},"content":{"rendered":"<div data-elementor-type=\"wp-page\" data-elementor-id=\"3350\" class=\"elementor elementor-3350\">\n\t\t\t\t\t\t<div class=\"elementor-section elementor-top-section elementor-element elementor-element-200f6f8b elementor-section-full_width elementor-section-height-default elementor-section-height-default\" data-id=\"200f6f8b\" data-element_type=\"section\" data-e-type=\"section\">\n\t\t\t\t\t\t<div class=\"elementor-container elementor-column-gap-no\">\n\t\t\t\t\t<div class=\"elementor-column elementor-col-100 elementor-top-column elementor-element elementor-element-6d846cf6\" data-id=\"6d846cf6\" data-element_type=\"column\" data-e-type=\"column\">\n\t\t\t<div class=\"elementor-widget-wrap elementor-element-populated\">\n\t\t\t\t\t\t<div class=\"elementor-element elementor-element-01f0119 elementor-widget elementor-widget-CaseArea\" data-id=\"01f0119\" data-element_type=\"widget\" data-e-type=\"widget\" data-widget_type=\"CaseArea.default\">\n\t\t\t\t<div class=\"elementor-widget-container\">\n\t\t\t\t\t                    <div class=\"resources-area ptb-100\">\r\n                <div class=\"container\">\r\n                                        <div class=\"row\">\r\n                                                    <div class=\"col-lg-6 col-md-6\">\r\n                                <div class=\"single-resources-box\">\r\n                                    <div class=\"image\">\r\n                                        <a href=\"https:\/\/blackboxsecurity.org\/tr\/news\/siber-vatan-bootcamp-2025\/\" class=\"d-block\">\r\n                                            <img decoding=\"async\" src=\"https:\/\/blackboxsecurity.org\/wp-content\/uploads\/2025\/09\/WhatsApp-Gorsel-2025-08-29-saat-18.57.31_4bdd4cb6-860x574.jpg\" alt=\"case-image\">\r\n                                        <\/a>\r\n                                    <\/div>\r\n                                    <div class=\"content\">\r\n                                                                                            <div class=\"category\">\r\n                                                        <a href=\"https:\/\/blackboxsecurity.org\/tr\/case-tag\/technology\/\" rel=\"tag\">Teknoloji<\/a>                                                    <\/div>\r\n                                                                                            <h3><a href=\"https:\/\/blackboxsecurity.org\/tr\/news\/siber-vatan-bootcamp-2025\/\">Siber Vatan Bootcamp 2025<\/a><\/h3>\r\n                                        <p>The Siber Vatan Bootcamp, one of the leading programs shaping T\u00fcrkiye\u2019s cybersecurity ecosystem, was held in 2025 with strong participation and great interest.<\/p>\n                                        <a href=\"https:\/\/blackboxsecurity.org\/tr\/news\/siber-vatan-bootcamp-2025\/\" class=\"link-btn\">Habere Git... <i class=\"lni lni-chevron-right\"><\/i><\/a>\r\n                                    <\/div>\r\n                                <\/div>\r\n                            <\/div>\r\n                                                    <div class=\"col-lg-6 col-md-6\">\r\n                                <div class=\"single-resources-box\">\r\n                                    <div class=\"image\">\r\n                                        <a href=\"https:\/\/blackboxsecurity.org\/tr\/news\/india-bans-real-money-gaming\/\" class=\"d-block\">\r\n                                            <img decoding=\"async\" src=\"https:\/\/blackboxsecurity.org\/wp-content\/uploads\/2025\/08\/gaming-industry-gears-up-to-challenge-centres-ban-on-real-money-play-in-court-860x574.webp\" alt=\"case-image\">\r\n                                        <\/a>\r\n                                    <\/div>\r\n                                    <div class=\"content\">\r\n                                                                                            <div class=\"category\">\r\n                                                        <a href=\"https:\/\/blackboxsecurity.org\/tr\/case-tag\/technology\/\" rel=\"tag\">Teknoloji<\/a>                                                    <\/div>\r\n                                                                                            <h3><a href=\"https:\/\/blackboxsecurity.org\/tr\/news\/india-bans-real-money-gaming\/\">Hindistan Oyun \u0130\u00e7i Paral\u0131 Oyunlar\u0131 Yasaklad\u0131<\/a><\/h3>\r\n                                        <p>Hindistan parlamentosunun alt kanad\u0131, beceriye veya \u015fansa dayal\u0131 olsun t\u00fcm ger\u00e7ek parayla oynanan oyunlar\u0131 \u00fclke \u00e7ap\u0131nda yasaklayan 2025 \u00c7evrim \u0130\u00e7i Oyunlar\u0131 Te\u015fvik ve D\u00fczenleme Yasas\u0131n\u0131 kabul etti.<\/p>\n                                        <a href=\"https:\/\/blackboxsecurity.org\/tr\/news\/india-bans-real-money-gaming\/\" class=\"link-btn\">Habere Git... <i class=\"lni lni-chevron-right\"><\/i><\/a>\r\n                                    <\/div>\r\n                                <\/div>\r\n                            <\/div>\r\n                                                    <div class=\"col-lg-6 col-md-6\">\r\n                                <div class=\"single-resources-box\">\r\n                                    <div class=\"image\">\r\n                                        <a href=\"https:\/\/blackboxsecurity.org\/tr\/news\/spacex-starship-explodes-prior-to-tenth-test-launch\/\" class=\"d-block\">\r\n                                            <img decoding=\"async\" src=\"https:\/\/blackboxsecurity.org\/wp-content\/uploads\/2025\/06\/AA1Gh51d-860x574.jpeg\" alt=\"case-image\">\r\n                                        <\/a>\r\n                                    <\/div>\r\n                                    <div class=\"content\">\r\n                                                                                            <div class=\"category\">\r\n                                                        <a href=\"https:\/\/blackboxsecurity.org\/tr\/case-tag\/technology\/\" rel=\"tag\">Teknoloji<\/a>                                                    <\/div>\r\n                                                                                            <h3><a href=\"https:\/\/blackboxsecurity.org\/tr\/news\/spacex-starship-explodes-prior-to-tenth-test-launch\/\">SpaceX Starship, Onuncu Test U\u00e7u\u015fu \u00d6ncesinde Patlad\u0131<\/a><\/h3>\r\n                                        <p>SpaceX\u2019in Starship f\u0131rlatma ara\u00e7lar\u0131ndan biri, \u00c7ar\u015famba gecesi ge\u00e7 saatlerde Teksas'taki bir test sahas\u0131nda patlad\u0131<\/p>\n                                        <a href=\"https:\/\/blackboxsecurity.org\/tr\/news\/spacex-starship-explodes-prior-to-tenth-test-launch\/\" class=\"link-btn\">Habere Git... <i class=\"lni lni-chevron-right\"><\/i><\/a>\r\n                                    <\/div>\r\n                                <\/div>\r\n                            <\/div>\r\n                                                    <div class=\"col-lg-6 col-md-6\">\r\n                                <div class=\"single-resources-box\">\r\n                                    <div class=\"image\">\r\n                                        <a href=\"https:\/\/blackboxsecurity.org\/tr\/news\/tesla-files-lawsuit-against-ex-optimus-engineer-for-alleged-theft-of-trade-secrets\/\" class=\"d-block\">\r\n                                            <img decoding=\"async\" src=\"https:\/\/blackboxsecurity.org\/wp-content\/uploads\/2025\/06\/9e836cf08f43066cea1fe6a5f0733a80-860x574.png\" alt=\"case-image\">\r\n                                        <\/a>\r\n                                    <\/div>\r\n                                    <div class=\"content\">\r\n                                                                                            <div class=\"category\">\r\n                                                        <a href=\"https:\/\/blackboxsecurity.org\/tr\/case-tag\/technology\/\" rel=\"tag\">Teknoloji<\/a>                                                    <\/div>\r\n                                                                                            <h3><a href=\"https:\/\/blackboxsecurity.org\/tr\/news\/tesla-files-lawsuit-against-ex-optimus-engineer-for-alleged-theft-of-trade-secrets\/\">Tesla, Eski Optimus M\u00fchendisini Ticari S\u0131r H\u0131rs\u0131zl\u0131\u011f\u0131 Su\u00e7lamas\u0131yla Dava Etti<\/a><\/h3>\r\n                                        <p>Tesla, eski m\u00fchendisi Zhongjie \u201cJay\u201d Li\u2019ye, insans\u0131 robotik birimi Optimus\u2019tan gizli bilgileri \u00e7al\u0131p rakip bir giri\u015fim ba\u015flatmakla su\u00e7layarak dava a\u00e7t\u0131. Dava \u00c7ar\u015famba g\u00fcn\u00fc a\u00e7\u0131ld\u0131 ve ilk olarak Bloomberg taraf\u0131ndan bildirildi.<\/p>\n                                        <a href=\"https:\/\/blackboxsecurity.org\/tr\/news\/tesla-files-lawsuit-against-ex-optimus-engineer-for-alleged-theft-of-trade-secrets\/\" class=\"link-btn\">Habere Git... <i class=\"lni lni-chevron-right\"><\/i><\/a>\r\n                                    <\/div>\r\n                                <\/div>\r\n                            <\/div>\r\n                        \r\n                                                    <div class=\"col-lg-12 col-md-12\">\r\n                                <div class=\"pagination-area\">\r\n                                    <nav aria-label=\"navigation\">\r\n                                    <span aria-current=\"page\" class=\"page-numbers current\">1<\/span>\n<a class=\"page-numbers\" href=\"https:\/\/blackboxsecurity.org\/tr\/wp-json\/wp\/v2\/pages\/3350\/page\/2\/\">2<\/a>\n<a class=\"page-numbers\" href=\"https:\/\/blackboxsecurity.org\/tr\/wp-json\/wp\/v2\/pages\/3350\/page\/3\/\">3<\/a>\n<span class=\"page-numbers dots\">&hellip;<\/span>\n<a class=\"page-numbers\" href=\"https:\/\/blackboxsecurity.org\/tr\/wp-json\/wp\/v2\/pages\/3350\/page\/32\/\">32<\/a>\n<a class=\"next page-numbers\" href=\"https:\/\/blackboxsecurity.org\/tr\/wp-json\/wp\/v2\/pages\/3350\/page\/2\/\"><i class=\"lni lni-angle-double-right\"><\/i><\/a>  \r\n                                    <\/nav>\r\n                                <\/div>\r\n                            <\/div>\r\n                                            <\/div>\r\n                <\/div>\r\n            <\/div>\r\n                \t\t\t\t<\/div>\n\t\t\t\t<\/div>\n\t\t\t\t\t<\/div>\n\t\t<\/div>\n\t\t\t\t\t<\/div>\n\t\t<\/div>\n\t\t\t\t<\/div>","protected":false},"excerpt":{"rendered":"<p>Technology Adobe and Figma call off $20 billion acquisition after regulatory scrutiny &#8211; 19.12.2023 Adobe and Figma, the cloud-based design tool, will terminate their planned $20 billion merger in light of regulatory hurdles, the companies said Monday. View Case Studie Details Technology Mercedes-Benz grants approval for level 3 auto driving tests on Beijing highways &#8211;<\/p>","protected":false},"author":1,"featured_media":0,"parent":0,"menu_order":0,"comment_status":"closed","ping_status":"closed","template":"","meta":{"footnotes":""},"class_list":["post-3350","page","type-page","status-publish","hentry"],"acf":[],"_links":{"self":[{"href":"https:\/\/blackboxsecurity.org\/tr\/wp-json\/wp\/v2\/pages\/3350","targetHints":{"allow":["GET"]}}],"collection":[{"href":"https:\/\/blackboxsecurity.org\/tr\/wp-json\/wp\/v2\/pages"}],"about":[{"href":"https:\/\/blackboxsecurity.org\/tr\/wp-json\/wp\/v2\/types\/page"}],"author":[{"embeddable":true,"href":"https:\/\/blackboxsecurity.org\/tr\/wp-json\/wp\/v2\/users\/1"}],"replies":[{"embeddable":true,"href":"https:\/\/blackboxsecurity.org\/tr\/wp-json\/wp\/v2\/comments?post=3350"}],"version-history":[{"count":10,"href":"https:\/\/blackboxsecurity.org\/tr\/wp-json\/wp\/v2\/pages\/3350\/revisions"}],"predecessor-version":[{"id":4545,"href":"https:\/\/blackboxsecurity.org\/tr\/wp-json\/wp\/v2\/pages\/3350\/revisions\/4545"}],"wp:attachment":[{"href":"https:\/\/blackboxsecurity.org\/tr\/wp-json\/wp\/v2\/media?parent=3350"}],"curies":[{"name":"wp","href":"https:\/\/api.w.org\/{rel}","templated":true}]}}