{"id":3347,"date":"2023-11-28T13:07:54","date_gmt":"2023-11-28T10:07:54","guid":{"rendered":"https:\/\/blackboxsecurity.org\/?page_id=3347"},"modified":"2023-12-21T10:55:13","modified_gmt":"2023-12-21T07:55:13","slug":"artificial-intelligence","status":"publish","type":"page","link":"https:\/\/blackboxsecurity.org\/tr\/artificial-intelligence\/","title":{"rendered":"Yapay Zeka"},"content":{"rendered":"<div data-elementor-type=\"wp-page\" data-elementor-id=\"3347\" class=\"elementor elementor-3347\">\n\t\t\t\t\t\t<div class=\"elementor-section elementor-top-section elementor-element elementor-element-7f7dee29 elementor-section-full_width elementor-section-height-default elementor-section-height-default\" data-id=\"7f7dee29\" data-element_type=\"section\" data-e-type=\"section\">\n\t\t\t\t\t\t<div class=\"elementor-container elementor-column-gap-no\">\n\t\t\t\t\t<div class=\"elementor-column elementor-col-100 elementor-top-column elementor-element elementor-element-f5b3d2e\" data-id=\"f5b3d2e\" data-element_type=\"column\" data-e-type=\"column\">\n\t\t\t<div class=\"elementor-widget-wrap elementor-element-populated\">\n\t\t\t\t\t\t<div class=\"elementor-element elementor-element-2ec6fd4 elementor-widget elementor-widget-CaseArea\" data-id=\"2ec6fd4\" data-element_type=\"widget\" data-e-type=\"widget\" data-widget_type=\"CaseArea.default\">\n\t\t\t\t<div class=\"elementor-widget-container\">\n\t\t\t\t\t                    <div class=\"resources-area ptb-100\">\r\n                <div class=\"container\">\r\n                                        <div class=\"row\">\r\n                                                    <div class=\"col-lg-6 col-md-6\">\r\n                                <div class=\"single-resources-box\">\r\n                                    <div class=\"image\">\r\n                                        <a href=\"https:\/\/blackboxsecurity.org\/tr\/news\/ai-photo-magic-4-amazing-features-that-will-transform-your-images\/\" class=\"d-block\">\r\n                                            <img decoding=\"async\" src=\"https:\/\/blackboxsecurity.org\/wp-content\/uploads\/2025\/09\/google-nano-banana-860x574.webp\" alt=\"case-image\">\r\n                                        <\/a>\r\n                                    <\/div>\r\n                                    <div class=\"content\">\r\n                                                                                            <div class=\"category\">\r\n                                                        <a href=\"https:\/\/blackboxsecurity.org\/tr\/case-tag\/artificial-intelligence\/\" rel=\"tag\">Yapay Zeka<\/a>                                                    <\/div>\r\n                                                                                            <h3><a href=\"https:\/\/blackboxsecurity.org\/tr\/news\/ai-photo-magic-4-amazing-features-that-will-transform-your-images\/\">AI Photo Magic: 4 Amazing Features That Will Transform Your Images<\/a><\/h3>\r\n                                        <p>Modern artificial intelligence has fundamentally transformed photo editing, making sophisticated image manipulation accessible to everyone through simple text prompts. One of the most practical applications involves background transformation, where users can upload any photograph and request professional-quality changes without expensive software or technical expertise.<\/p>\n                                        <a href=\"https:\/\/blackboxsecurity.org\/tr\/news\/ai-photo-magic-4-amazing-features-that-will-transform-your-images\/\" class=\"link-btn\">Habere Git... <i class=\"lni lni-chevron-right\"><\/i><\/a>\r\n                                    <\/div>\r\n                                <\/div>\r\n                            <\/div>\r\n                                                    <div class=\"col-lg-6 col-md-6\">\r\n                                <div class=\"single-resources-box\">\r\n                                    <div class=\"image\">\r\n                                        <a href=\"https:\/\/blackboxsecurity.org\/tr\/news\/xais-legal-chief-steps-down-after-whirlwind-year\/\" class=\"d-block\">\r\n                                            <img decoding=\"async\" src=\"https:\/\/blackboxsecurity.org\/wp-content\/uploads\/2025\/08\/xai-860x574.webp\" alt=\"case-image\">\r\n                                        <\/a>\r\n                                    <\/div>\r\n                                    <div class=\"content\">\r\n                                                                                            <div class=\"category\">\r\n                                                        <a href=\"https:\/\/blackboxsecurity.org\/tr\/case-tag\/artificial-intelligence\/\" rel=\"tag\">Yapay Zeka<\/a>                                                    <\/div>\r\n                                                                                            <h3><a href=\"https:\/\/blackboxsecurity.org\/tr\/news\/xais-legal-chief-steps-down-after-whirlwind-year\/\">xAI\u2019in hukuk direkt\u00f6r\u00fc yo\u011fun bir y\u0131l\u0131n ard\u0131ndan g\u00f6revinden ayr\u0131ld\u0131<\/a><\/h3>\r\n                                        <p>Robert Keele, bu hafta yapt\u0131\u011f\u0131 a\u00e7\u0131klamada, xAI\u2019deki hukuk direkt\u00f6rl\u00fc\u011f\u00fc g\u00f6revinden bir y\u0131l\u0131 biraz a\u015fk\u0131n bir s\u00fcrenin ard\u0131ndan ayr\u0131ld\u0131\u011f\u0131n\u0131 duyurdu. Keele, karar\u0131na gerek\u00e7e olarak k\u00fc\u00e7\u00fck \u00e7ocuklar\u0131yla daha fazla zaman ge\u00e7irme iste\u011fini ve Elon Musk ile \u201cd\u00fcnya g\u00f6r\u00fc\u015flerimiz aras\u0131nda farkl\u0131l\u0131klar\u201d bulundu\u011funu belirtti. May\u0131s 2024\u2019te xAI\u2019in ilk hukuk direkt\u00f6r\u00fc olarak g\u00f6reve ba\u015flayan Keele, bu deneyimi \u201cinan\u0131lmaz\u201d olarak tan\u0131mlad\u0131 ve Musk ile \u00e7al\u0131\u015fmay\u0131 \u201chayat\u0131m\u0131n maceras\u0131\u201d olarak nitelendirdi, ancak art\u0131k hem aile hem de i\u015f y\u00fck\u00fcn\u00fc ayn\u0131 anda dengeleyemeyece\u011fini s\u00f6yledi.<\/p>\n                                        <a href=\"https:\/\/blackboxsecurity.org\/tr\/news\/xais-legal-chief-steps-down-after-whirlwind-year\/\" class=\"link-btn\">Habere Git... <i class=\"lni lni-chevron-right\"><\/i><\/a>\r\n                                    <\/div>\r\n                                <\/div>\r\n                            <\/div>\r\n                                                    <div class=\"col-lg-6 col-md-6\">\r\n                                <div class=\"single-resources-box\">\r\n                                    <div class=\"image\">\r\n                                        <a href=\"https:\/\/blackboxsecurity.org\/tr\/news\/inside-the-24-u-s-ai-startups-that-raised-over-100-million-in-2025\/\" class=\"d-block\">\r\n                                            <img decoding=\"async\" src=\"https:\/\/blackboxsecurity.org\/wp-content\/uploads\/2025\/06\/GettyImages-1485726179-1-860x574.webp\" alt=\"case-image\">\r\n                                        <\/a>\r\n                                    <\/div>\r\n                                    <div class=\"content\">\r\n                                                                                            <div class=\"category\">\r\n                                                        <a href=\"https:\/\/blackboxsecurity.org\/tr\/case-tag\/artificial-intelligence\/\" rel=\"tag\">Yapay Zeka<\/a>                                                    <\/div>\r\n                                                                                            <h3><a href=\"https:\/\/blackboxsecurity.org\/tr\/news\/inside-the-24-u-s-ai-startups-that-raised-over-100-million-in-2025\/\">2025'te 100 Milyon Dolar\u0131n \u00dczerinde Yat\u0131r\u0131m Alan 24 ABD'li Yapay Zek\u00e2 Giri\u015fiminin Derinlemesine \u0130ncelemesi<\/a><\/h3>\r\n                                        <p>ABD\u2019de yapay zek\u00e2ya yap\u0131lan yat\u0131r\u0131mlar, 2024\u2019te rekor k\u0131rmas\u0131n\u0131n ard\u0131ndan 2025\u2019te de h\u0131z kesmeden artmaya devam ediyor.<\/p>\n                                        <a href=\"https:\/\/blackboxsecurity.org\/tr\/news\/inside-the-24-u-s-ai-startups-that-raised-over-100-million-in-2025\/\" class=\"link-btn\">Habere Git... <i class=\"lni lni-chevron-right\"><\/i><\/a>\r\n                                    <\/div>\r\n                                <\/div>\r\n                            <\/div>\r\n                                                    <div class=\"col-lg-6 col-md-6\">\r\n                                <div class=\"single-resources-box\">\r\n                                    <div class=\"image\">\r\n                                        <a href=\"https:\/\/blackboxsecurity.org\/tr\/news\/vast-data-reportedly-targets-25-billion-valuation-in-latest-funding-effort\/\" class=\"d-block\">\r\n                                            <img decoding=\"async\" src=\"https:\/\/blackboxsecurity.org\/wp-content\/uploads\/2025\/06\/GettyImages-1980358460-860x574.webp\" alt=\"case-image\">\r\n                                        <\/a>\r\n                                    <\/div>\r\n                                    <div class=\"content\">\r\n                                                                                            <div class=\"category\">\r\n                                                        <a href=\"https:\/\/blackboxsecurity.org\/tr\/case-tag\/artificial-intelligence\/\" rel=\"tag\">Yapay Zeka<\/a>                                                    <\/div>\r\n                                                                                            <h3><a href=\"https:\/\/blackboxsecurity.org\/tr\/news\/vast-data-reportedly-targets-25-billion-valuation-in-latest-funding-effort\/\">Vast Data'n\u0131n Son Yat\u0131r\u0131m Turunda 25 Milyar Dolarl\u0131k De\u011ferlemeyi Hedefledi\u011fi Bildirildi<\/a><\/h3>\r\n                                        <p>Yapay zek\u00e2ya \u00f6zel optimize edilmi\u015f veri depolama \u00e7\u00f6z\u00fcmleriyle tan\u0131nan Vast Data\u2019n\u0131n, yeni bir yat\u0131r\u0131m turuna \u00e7\u0131kt\u0131\u011f\u0131 ve bu turda 25 milyar dolarl\u0131k iddial\u0131 bir de\u011ferlemeyi hedefledi\u011fi bildirildi. <\/p>\n                                        <a href=\"https:\/\/blackboxsecurity.org\/tr\/news\/vast-data-reportedly-targets-25-billion-valuation-in-latest-funding-effort\/\" class=\"link-btn\">Habere Git... <i class=\"lni lni-chevron-right\"><\/i><\/a>\r\n                                    <\/div>\r\n                                <\/div>\r\n                            <\/div>\r\n                        \r\n                                                    <div class=\"col-lg-12 col-md-12\">\r\n                                <div class=\"pagination-area\">\r\n                                    <nav aria-label=\"navigation\">\r\n                                    <span aria-current=\"page\" class=\"page-numbers current\">1<\/span>\n<a class=\"page-numbers\" href=\"https:\/\/blackboxsecurity.org\/tr\/wp-json\/wp\/v2\/pages\/3347\/page\/2\/\">2<\/a>\n<a class=\"page-numbers\" href=\"https:\/\/blackboxsecurity.org\/tr\/wp-json\/wp\/v2\/pages\/3347\/page\/3\/\">3<\/a>\n<span class=\"page-numbers dots\">&hellip;<\/span>\n<a class=\"page-numbers\" href=\"https:\/\/blackboxsecurity.org\/tr\/wp-json\/wp\/v2\/pages\/3347\/page\/34\/\">34<\/a>\n<a class=\"next page-numbers\" href=\"https:\/\/blackboxsecurity.org\/tr\/wp-json\/wp\/v2\/pages\/3347\/page\/2\/\"><i class=\"lni lni-angle-double-right\"><\/i><\/a>  \r\n                                    <\/nav>\r\n                                <\/div>\r\n                            <\/div>\r\n                                            <\/div>\r\n                <\/div>\r\n            <\/div>\r\n                \t\t\t\t<\/div>\n\t\t\t\t<\/div>\n\t\t\t\t\t<\/div>\n\t\t<\/div>\n\t\t\t\t\t<\/div>\n\t\t<\/div>\n\t\t\t\t<\/div>","protected":false},"excerpt":{"rendered":"<p>Artificial Intelligence Man versus machine: AI beats human in mental and physical game for the first time &#8211; 20.12.2023 While AI has beaten chess grandmasters in previous man-versus-machine experiments, it has never been able to test its physical ability too. View Case Studie Details Artificial Intelligence British Airways to use AI in efforts to improve<\/p>","protected":false},"author":1,"featured_media":0,"parent":0,"menu_order":0,"comment_status":"closed","ping_status":"closed","template":"","meta":{"footnotes":""},"class_list":["post-3347","page","type-page","status-publish","hentry"],"acf":[],"_links":{"self":[{"href":"https:\/\/blackboxsecurity.org\/tr\/wp-json\/wp\/v2\/pages\/3347","targetHints":{"allow":["GET"]}}],"collection":[{"href":"https:\/\/blackboxsecurity.org\/tr\/wp-json\/wp\/v2\/pages"}],"about":[{"href":"https:\/\/blackboxsecurity.org\/tr\/wp-json\/wp\/v2\/types\/page"}],"author":[{"embeddable":true,"href":"https:\/\/blackboxsecurity.org\/tr\/wp-json\/wp\/v2\/users\/1"}],"replies":[{"embeddable":true,"href":"https:\/\/blackboxsecurity.org\/tr\/wp-json\/wp\/v2\/comments?post=3347"}],"version-history":[{"count":11,"href":"https:\/\/blackboxsecurity.org\/tr\/wp-json\/wp\/v2\/pages\/3347\/revisions"}],"predecessor-version":[{"id":4570,"href":"https:\/\/blackboxsecurity.org\/tr\/wp-json\/wp\/v2\/pages\/3347\/revisions\/4570"}],"wp:attachment":[{"href":"https:\/\/blackboxsecurity.org\/tr\/wp-json\/wp\/v2\/media?parent=3347"}],"curies":[{"name":"wp","href":"https:\/\/api.w.org\/{rel}","templated":true}]}}