{"id":29,"date":"2021-07-06T12:12:02","date_gmt":"2021-07-06T12:12:02","guid":{"rendered":"https:\/\/blackboxsecurity.org\/?page_id=29"},"modified":"2023-11-29T10:14:52","modified_gmt":"2023-11-29T07:14:52","slug":"about-us","status":"publish","type":"page","link":"https:\/\/blackboxsecurity.org\/tr\/about-us\/","title":{"rendered":"Hakk\u0131m\u0131zda"},"content":{"rendered":"<div data-elementor-type=\"wp-page\" data-elementor-id=\"29\" class=\"elementor elementor-29\">\n\t\t\t\t\t\t<div class=\"elementor-section elementor-top-section elementor-element elementor-element-7a517d2 elementor-section-full_width elementor-section-height-default elementor-section-height-default\" data-id=\"7a517d2\" data-element_type=\"section\" data-e-type=\"section\">\n\t\t\t\t\t\t<div class=\"elementor-container elementor-column-gap-no\">\n\t\t\t\t\t<div class=\"elementor-column elementor-col-100 elementor-top-column elementor-element elementor-element-107a217\" data-id=\"107a217\" data-element_type=\"column\" data-e-type=\"column\">\n\t\t\t<div class=\"elementor-widget-wrap elementor-element-populated\">\n\t\t\t\t\t\t<div class=\"elementor-element elementor-element-ea6ed4c elementor-widget elementor-widget-About_Area\" data-id=\"ea6ed4c\" data-element_type=\"widget\" data-e-type=\"widget\" data-widget_type=\"About_Area.default\">\n\t\t\t\t<div class=\"elementor-widget-container\">\n\t\t\t\t\t                    <div class=\"about-area ptb-100\">\r\n                <div class=\"container-fluid\">\r\n                    <div class=\"row align-items-center\">\r\n                                                <div class=\"col-lg-6 col-md-12\">\r\n                            <div class=\"about-image\">\r\n                                <img decoding=\"async\" src=\"https:\/\/blackboxsecurity.org\/wp-content\/uploads\/2023\/11\/k-1.png\" alt=\"About Us\">\r\n                            <\/div>\r\n                        <\/div>\r\n                        <div class=\"col-lg-6 col-md-12\">\r\n                                                    <div class=\"about-content\">\r\n                                <h4>Blackbox Siber G\u00fcvenlik D\u00fc\u015f\u00fcnce Kurulu\u015fu<\/h4>\r\n                                <h4>Vizyonumuz:<\/h4><p>Blackbox Security, dijital d\u00fcnyan\u0131n evrensel bir bile\u015feni olarak siber g\u00fcvenlik konusunda \u00f6nc\u00fc bir rol \u00fcstlenmeyi ama\u00e7lamaktad\u0131r. G\u00fcvenli, \u015feffaf ve dayan\u0131kl\u0131 bir dijital d\u00fcnya in\u015fa etmek i\u00e7in T\u00fcrkiye ba\u015fta olmak \u00fczere t\u00fcm \u00fclkelerin siber g\u00fcvenlik stratejilerine destek sa\u011flanmas\u0131n\u0131 ve evrensel dijital g\u00fcvenlik standartlar\u0131na katk\u0131da bulunulmas\u0131n\u0131 ama\u00e7lamaktad\u0131r.<\/p><h6>Misyonumuz:<\/h6><p>Blackbox Security, e\u011fitimler, konferanslar ve stratejik raporlar arac\u0131l\u0131\u011f\u0131yla dijital d\u00fcnyadaki geli\u015fmelere \u00f6nc\u00fcl\u00fck etmeyi, T\u00fcrkiye ve di\u011fer \u00fclkelerin siber g\u00fcvenlik stratejilerini g\u00fc\u00e7lendirmeyi ama\u00e7lamaktad\u0131r. Misyonumuz, dijital d\u00fcnyan\u0131n g\u00fcvenli\u011fine evrensel bir katk\u0131 sa\u011flamak i\u00e7in bilgi payla\u015f\u0131m\u0131n\u0131 te\u015fvik etmek ve siber tehditlere kar\u015f\u0131 k\u00fcresel dayan\u0131kl\u0131l\u0131k olu\u015fturmak \u00fczerine kurulmu\u015ftur.<\/p><p>Blackbox Security, siber g\u00fcvenli\u011fi evrensel bir gereklilik olarak alg\u0131l\u0131yor ve bu do\u011frultuda d\u00fcnya \u00e7ap\u0131nda siber g\u00fcvenlik fark\u0131ndal\u0131\u011f\u0131n\u0131 art\u0131rmay\u0131, g\u00fc\u00e7l\u00fc bir siber g\u00fcvenlik savunma a\u011f\u0131 olu\u015fturmay\u0131 ve dijital d\u00fcnyan\u0131n gelece\u011fi i\u00e7in etik de\u011ferlere \u00f6nc\u00fcl\u00fck etmeyi hedefliyor. Ayr\u0131ca kamu, \u00f6zel sekt\u00f6r ve akademiyi bir araya getirerek i\u015f birli\u011fini te\u015fvik etmeyi ve g\u00fc\u00e7l\u00fc stratejiler olu\u015fturulmas\u0131n\u0131 ama\u00e7l\u0131yoruz. Bu yakla\u015f\u0131m, Blackbox Security'nin siber g\u00fcvenlikte \u00f6nc\u00fc rol oynama \u00e7abalar\u0131n\u0131n \u00f6nemli bir bile\u015fenini olu\u015fturmaktad\u0131r.<\/p>                                <ul class=\"features-list\">\r\n                                                                    <\/ul>\r\n                            <\/div>\r\n                        <\/div>\r\n                    <\/div>\r\n                <\/div>\r\n                            <\/div>\r\n                \t\t\t\t<\/div>\n\t\t\t\t<\/div>\n\t\t\t\t\t<\/div>\n\t\t<\/div>\n\t\t\t\t\t<\/div>\n\t\t<\/div>\n\t\t\t\t<\/div>","protected":false},"excerpt":{"rendered":"<p>Blackbox Cyber Security Think Tank Vision: Blackbox Security aims to take a leading role in cybersecurity as a universal component of the digital world. It envisions providing support to cybersecurity strategies of all countries, with a focus on Turkey, and contributing to universal digital security standards to build a secure, transparent, and resilient digital world.<\/p>","protected":false},"author":1,"featured_media":0,"parent":0,"menu_order":0,"comment_status":"closed","ping_status":"closed","template":"","meta":{"footnotes":""},"class_list":["post-29","page","type-page","status-publish","hentry"],"acf":[],"_links":{"self":[{"href":"https:\/\/blackboxsecurity.org\/tr\/wp-json\/wp\/v2\/pages\/29","targetHints":{"allow":["GET"]}}],"collection":[{"href":"https:\/\/blackboxsecurity.org\/tr\/wp-json\/wp\/v2\/pages"}],"about":[{"href":"https:\/\/blackboxsecurity.org\/tr\/wp-json\/wp\/v2\/types\/page"}],"author":[{"embeddable":true,"href":"https:\/\/blackboxsecurity.org\/tr\/wp-json\/wp\/v2\/users\/1"}],"replies":[{"embeddable":true,"href":"https:\/\/blackboxsecurity.org\/tr\/wp-json\/wp\/v2\/comments?post=29"}],"version-history":[{"count":101,"href":"https:\/\/blackboxsecurity.org\/tr\/wp-json\/wp\/v2\/pages\/29\/revisions"}],"predecessor-version":[{"id":3468,"href":"https:\/\/blackboxsecurity.org\/tr\/wp-json\/wp\/v2\/pages\/29\/revisions\/3468"}],"wp:attachment":[{"href":"https:\/\/blackboxsecurity.org\/tr\/wp-json\/wp\/v2\/media?parent=29"}],"curies":[{"name":"wp","href":"https:\/\/api.w.org\/{rel}","templated":true}]}}